{"id":3859,"date":"2026-02-16T18:33:00","date_gmt":"2026-02-16T18:33:00","guid":{"rendered":"https:\/\/desidelab.com\/?page_id=3859"},"modified":"2026-02-24T14:32:43","modified_gmt":"2026-02-24T14:32:43","slug":"for-business","status":"publish","type":"page","link":"https:\/\/desidelab.com\/es\/for-business\/","title":{"rendered":"Para Negocios \u2192"},"content":{"rendered":"<div class=\"wp-block-group alignfull has-background is-layout-constrained wp-block-group-is-layout-constrained\" style=\"background-color:#f4efe8;margin-top:var(--wp--preset--spacing--20);margin-bottom:var(--wp--preset--spacing--20);padding-top:3rem;padding-bottom:3rem\">\n<div class=\"wp-block-cover has-aspect-ratio\" style=\"border-radius:20px;margin-top:0;margin-bottom:0;padding-top:2rem;padding-right:10px;padding-bottom:2rem;padding-left:10px;aspect-ratio:auto;min-height:unset;\"><img decoding=\"async\" class=\"wp-block-cover__image-background wp-image-7946\" alt=\"Pattern Image 6\" src=\"https:\/\/desidelab.com\/wp-content\/themes\/blocksy\/inc\/components\/patterns\/assets\/pattern-image-6.webp\" data-object-fit=\"cover\" title=\"Para Negocios \u2192\"><span aria-hidden=\"true\" class=\"wp-block-cover__background has-background-dim-100 has-background-dim wp-block-cover__gradient-background has-background-gradient\" style=\"background:linear-gradient(0deg,rgb(0,0,0) 12%,rgba(0,0,0,0.15) 100%)\"><\/span><div class=\"wp-block-cover__inner-container is-layout-constrained wp-container-core-cover-is-layout-bfca2499 wp-block-cover-is-layout-constrained\">\n<h1 class=\"wp-block-heading has-text-align-center has-white-color has-text-color has-link-color has-xx-large-font-size wp-elements-5652ddac90d983b20e81bedb4b116c13\" style=\"margin-top:0;margin-bottom:20px;font-style:normal;font-weight:800;line-height:1.2\">Sistemas De Crecimiento Para Negocios Basados En Servicios<\/h1>\n\n\n\n<p class=\"has-text-align-center has-text-color has-link-color has-medium-font-size wp-elements-304c2b7ccf8a25bb92e6f706d5f54304\" style=\"color:#ffffffc4;margin-bottom:50px\">Si est\u00e1s generando leads pero te cuesta lograr ingresos predecibles, no necesitas m\u00e1s anuncios. Necesitas estructura.<\/p>\n\n\n\n<div class=\"wp-block-buttons is-content-justification-center is-layout-flex wp-container-core-buttons-is-layout-241c0bc1 wp-block-buttons-is-layout-flex\">\n<div class=\"wp-block-button is-style-outline is-style-outline--1\"><a class=\"wp-block-button__link has-white-color has-text-color has-background has-link-color has-border-color has-white-border-color has-custom-font-size wp-element-button\" href=\"https:\/\/desidelab.com\/es\/contact\/\" style=\"border-width:2px;border-radius:8px;background-color:#ffffff00;padding-top:13px;padding-right:25px;padding-bottom:13px;padding-left:25px;font-size:clamp(14px, 0.875rem + ((1vw - 3.2px) * 0.313), 18px);font-style:normal;font-weight:600\">Aplicar Para Un Sistema De Crecimiento<\/a><\/div>\n<\/div>\n<\/div><\/div>\n\n\n\n<h6 class=\"wp-block-heading has-text-align-center\" style=\"margin-top:var(--wp--preset--spacing--60);margin-bottom:var(--wp--preset--spacing--60)\">No tienes un problema de tr\u00e1fico. Tienes un problema de sistema.<\/h6>\n\n\n\n<div class=\"wp-block-group alignfull has-background is-content-justification-center is-layout-constrained wp-block-group-is-layout-constrained\" style=\"background-color:#f4efe8\">\n<h2 class=\"wp-block-heading has-text-align-center has-black-color has-text-color has-link-color has-x-large-font-size wp-elements-1a80d0d3195ba95d256e00cf93b870f1\" style=\"margin-top:0;margin-bottom:0\">Por Qu\u00e9 La Mayor\u00eda<\/h2>\n\n\n\n<h2 class=\"wp-block-heading has-text-align-center has-black-color has-text-color has-link-color has-x-large-font-size wp-elements-21dcb3b8a7f206b2baff7fd15cd93bf8\" style=\"margin-top:0;font-style:normal;font-weight:800;line-height:1.2\">De Los Negocios De Servicios Se Estancan<\/h2>\n\n\n\n<p class=\"has-text-align-center has-black-color has-text-color has-link-color has-medium-font-size wp-elements-cf5dc78f2af05f2125c48a31791fe69b\" style=\"margin-bottom:0\">Los leads llegan, pero los ingresos no son predecibles. <\/p>\n\n\n\n<div data-spectra-id=\"spectra-mlqwy6ll-6tin6s\" style=\"--spectra-text-color: inherit; --spectra-overlay-opacity: 100;\" class=\"spectra-overlay-color spectra-text-color spectra-dim-ratio wp-block-spectra-slider\" id=\"spectra-slider-6\" data-swiper=\"{&quot;slidesPerView&quot;:1,&quot;spaceBetween&quot;:29,&quot;loop&quot;:true,&quot;navigation&quot;:{&quot;enabled&quot;:false,&quot;nextEl&quot;:&quot;.swiper-button-next&quot;,&quot;prevEl&quot;:&quot;.swiper-button-prev&quot;},&quot;pagination&quot;:{&quot;enabled&quot;:true,&quot;el&quot;:&quot;.swiper-pagination&quot;,&quot;clickable&quot;:true},&quot;autoplay&quot;:{&quot;delay&quot;:4000,&quot;disableOnInteraction&quot;:false,&quot;pauseOnMouseEnter&quot;:false},&quot;allowTouchMove&quot;:true,&quot;breakpoints&quot;:{&quot;0&quot;:{&quot;slidesPerView&quot;:1,&quot;spaceBetween&quot;:29},&quot;768&quot;:{&quot;slidesPerView&quot;:1,&quot;spaceBetween&quot;:29},&quot;1024&quot;:{&quot;slidesPerView&quot;:1,&quot;spaceBetween&quot;:29}}}\" data-modules=\"[]\">\n\n\t<div class=\"spectra-slider-container\">\n\t\t<div class=\"swiper\">\n\t\t\t<div class=\"swiper-wrapper\" aria-live=\"polite\">\n\t\t\t\t\n\n<div data-spectra-id=\"spectra-mlqwy6r9-lf2s75\" style=\"--spectra-overlay-opacity: 100\" class=\"swiper-slide spectra-overlay-color spectra-dim-ratio wp-block-spectra-slider-child\" id=\"spectra-slider-2\">\n\t\t<div class=\"slide-content\">\n\t\t\n\n<h4 class=\"wp-block-heading\">Porque el seguimiento no est\u00e1 sistematizado<\/h4>\n\n\t<\/div>\n<\/div>\n\n\n\n<div data-spectra-id=\"spectra-mlqwy6s0-m3w1ze\" style=\"--spectra-overlay-opacity: 100\" class=\"swiper-slide spectra-overlay-color spectra-dim-ratio wp-block-spectra-slider-child\" id=\"spectra-slider-3\">\n\t\t<div class=\"slide-content\">\n\t\t\n\n<h4 class=\"wp-block-heading\">Porque la publicidad carece de estructura<\/h4>\n\n\t<\/div>\n<\/div>\n\n\n\n<div data-spectra-id=\"spectra-mlqwy6st-jea9s5\" style=\"--spectra-overlay-opacity: 100\" class=\"swiper-slide spectra-overlay-color spectra-dim-ratio wp-block-spectra-slider-child\" id=\"spectra-slider-4\">\n\t\t<div class=\"slide-content\">\n\t\t\n\n<h4 class=\"wp-block-heading\">Porque no existe una l\u00f3gica de CRM<\/h4>\n\n\t<\/div>\n<\/div>\n\n\n\n<div data-spectra-id=\"spectra-mlqx1bkw-tx71zv\" style=\"--spectra-overlay-opacity: 100\" class=\"swiper-slide spectra-overlay-color spectra-dim-ratio wp-block-spectra-slider-child\" id=\"spectra-slider-5\">\n\t\t<div class=\"slide-content\">\n\t\t\n\n<h4 class=\"wp-block-heading\">Porque los ingresos no est\u00e1n dise\u00f1ados estrat\u00e9gicamente<\/h4>\n\n\t<\/div>\n<\/div>\n\n\t\t\t<\/div>\n\t\t<\/div>\n\n\t\t\n\t\t\t\t\t<div \n\t\t\t\tclass=\"swiper-pagination\" \n\t\t\t\trole=\"tablist\" \n\t\t\t\taria-label=\"Slider pagination\"\n\t\t\t\tdata-role=\"none\"\n\t\t\t><\/div>\n\t\t\t<\/div>\n<\/div>\n<\/div>\n\n\n\n<div class=\"wp-block-group alignfull has-background is-layout-constrained wp-block-group-is-layout-constrained\" style=\"background-color:#f4efe8;margin-top:0;margin-bottom:0;padding-top:4rem;padding-bottom:4rem\">\n<h1 class=\"wp-block-heading has-text-align-center has-black-color has-text-color has-link-color has-xx-large-font-size wp-elements-6fb9b157715505ed3792b6986ddafb4d\" style=\"margin-top:0;font-style:normal;font-weight:800;line-height:1.2\">El Sistema Detr\u00e1s Del Crecimiento<\/h1>\n\n\n\n<p class=\"has-text-align-center has-black-color has-text-color has-link-color wp-elements-1669c3512a84a7083fe47c8897329f6a\" style=\"margin-bottom:40px;font-size:clamp(14px, 0.875rem + ((1vw - 3.2px) * 0.313), 18px);font-style:normal;font-weight:500\">Dise\u00f1amos e implementamos sistemas completos de automatizaci\u00f3n de marketing y adquisici\u00f3n de clientes mediante paid ads para negocios de servicios que quieren escalar con estructura.<\/p>\n\n\n\n<div class=\"wp-block-columns is-layout-flex wp-container-core-columns-is-layout-643ced6b wp-block-columns-is-layout-flex\">\n<div class=\"wp-block-column has-background is-layout-flow wp-container-core-column-is-layout-7781f981 wp-block-column-is-layout-flow\" style=\"border-top-left-radius:50px;border-top-right-radius:50px;border-bottom-left-radius:50px;border-bottom-right-radius:50px;background-color:#0000001f;padding-top:var(--wp--preset--spacing--50);padding-right:var(--wp--preset--spacing--50);padding-bottom:var(--wp--preset--spacing--50);padding-left:var(--wp--preset--spacing--50)\">\n<h2 class=\"wp-block-heading has-text-align-center has-black-color has-text-color has-link-color wp-elements-148c94c5f8472cf1c99535b3c5a47981\" style=\"margin-bottom:20px;font-size:clamp(21.536px, 1.346rem + ((1vw - 3.2px) * 1.052), 35px);\">Revenue Foundation<\/h2>\n\n\n\n<p class=\"has-text-align-center has-black-color has-text-color has-link-color wp-elements-95c515cd4a83ddc77d33e7692c5bd464\" style=\"border-bottom-color:#0000001f;border-bottom-style:solid;border-bottom-width:1px;margin-bottom:50px;padding-bottom:50px;font-size:clamp(14px, 0.875rem + ((1vw - 3.2px) * 0.313), 18px);\">Automatizaci\u00f3n estructurada para ingresos predecibles<\/p>\n\n\n\n<p style=\"font-size:clamp(14px, 0.875rem + ((1vw - 3.2px) * 0.313), 18px);\">Dise\u00f1ado para convertir leads inconsistentes en ingresos predecibles.<\/p>\n\n\n\n<ul style=\"margin-bottom:50px;font-size:clamp(14px, 0.875rem + ((1vw - 3.2px) * 0.078), 15px);\" class=\"wp-block-list has-black-color has-text-color has-link-color wp-elements-29c187fc2a756234fa9f6faf9f691e4c\">\n<li>Optimizaci\u00f3n de landing pages o adaptaci\u00f3n de funnel<\/li>\n\n\n\n<li>Arquitectura de CRM y configuraci\u00f3n del pipeline<\/li>\n\n\n\n<li>Sistema de captaci\u00f3n de leads<\/li>\n\n\n\n<li>Automatizaci\u00f3n de WhatsApp y email<\/li>\n\n\n\n<li>Flujos de seguimiento estructurados<\/li>\n\n\n\n<li>Implementaci\u00f3n de tracking de conversiones<\/li>\n<\/ul>\n\n\n\n<div class=\"wp-block-buttons is-layout-flex wp-block-buttons-is-layout-flex\" style=\"margin-bottom:40px\">\n<div class=\"wp-block-button has-custom-width wp-block-button__width-100\"><a class=\"wp-block-button__link has-custom-font-size wp-element-button\" href=\"https:\/\/desidelab.com\/es\/contact\/\" style=\"border-radius:8px;padding-top:15px;padding-bottom:15px;font-size:clamp(14px, 0.875rem + ((1vw - 3.2px) * 0.313), 18px);font-style:normal;font-weight:600\">Aplicar a Revenue Foundation<\/a><\/div>\n<\/div>\n<\/div>\n\n\n\n<div class=\"wp-block-column has-black-background-color has-background is-layout-flow wp-container-core-column-is-layout-7781f981 wp-block-column-is-layout-flow\" style=\"border-style:none;border-width:0px;border-top-left-radius:50px;border-top-right-radius:50px;border-bottom-left-radius:50px;border-bottom-right-radius:50px;padding-top:var(--wp--preset--spacing--50);padding-right:var(--wp--preset--spacing--50);padding-bottom:var(--wp--preset--spacing--50);padding-left:var(--wp--preset--spacing--50)\">\n<h2 class=\"wp-block-heading has-text-align-center has-palette-color-7-color has-text-color has-link-color wp-elements-e3bda123577e067f76fb939378425da3\" style=\"margin-bottom:20px;font-size:clamp(21.536px, 1.346rem + ((1vw - 3.2px) * 1.052), 35px);\">Growth Partner<\/h2>\n\n\n\n<p class=\"has-text-align-center has-palette-color-5-color has-text-color has-link-color wp-elements-fc66d6da4e0b403f3a09a2d352d1b565\" style=\"border-bottom-color:var(--wp--preset--color--palette-color-7);border-bottom-style:solid;border-bottom-width:1px;margin-bottom:50px;padding-bottom:50px;font-size:clamp(14px, 0.875rem + ((1vw - 3.2px) * 0.313), 18px);\">Adquisici\u00f3n de clientes mediante paid ads integrada en un sistema completo de ingresos.<\/p>\n\n\n\n<p class=\"has-palette-color-7-color has-text-color has-link-color wp-elements-c7e2818bbc7b6b6accfbf534f674f2de\" style=\"font-size:clamp(14px, 0.875rem + ((1vw - 3.2px) * 0.313), 18px);\">Dise\u00f1ado para adquisici\u00f3n de clientes predecible y escalable.<\/p>\n\n\n\n<ul style=\"margin-bottom:50px;font-size:clamp(14px, 0.875rem + ((1vw - 3.2px) * 0.078), 15px);\" class=\"wp-block-list has-palette-color-7-color has-text-color has-link-color wp-elements-efce6c8526f51b4f49bf4b4b9309b448\">\n<li>ncluye todo lo de Base de ingresos, adem\u00e1s:<\/li>\n\n\n\n<li>Estrategia y configuraci\u00f3n de Meta o Google Ads<\/li>\n\n\n\n<li>Arquitectura de campa\u00f1as basada en funnel<\/li>\n\n\n\n<li>Tr\u00e1fico pago conectado a automatizaci\u00f3n<\/li>\n\n\n\n<li>Configuraci\u00f3n de tracking y atribuci\u00f3n<\/li>\n\n\n\n<li>Optimizaci\u00f3n continua y escalado<\/li>\n<\/ul>\n\n\n\n<div class=\"wp-block-buttons is-layout-flex wp-block-buttons-is-layout-flex\" style=\"margin-bottom:40px\">\n<div class=\"wp-block-button has-custom-width wp-block-button__width-100\"><a class=\"wp-block-button__link has-black-color has-palette-color-7-background-color has-text-color has-background has-link-color has-border-color has-palette-color-7-border-color has-custom-font-size wp-element-button\" href=\"https:\/\/desidelab.com\/es\/contact\/\" style=\"border-radius:8px;padding-top:15px;padding-bottom:15px;font-size:clamp(14px, 0.875rem + ((1vw - 3.2px) * 0.313), 18px);font-style:normal;font-weight:600\">Aplicar a Growth Partner<\/a><\/div>\n<\/div>\n<\/div>\n<\/div>\n<\/div>\n<\/div>\n\n\n\n<div class=\"wp-block-group alignfull has-background is-layout-constrained wp-block-group-is-layout-constrained\" style=\"background-color:#101010;padding-top:7rem;padding-bottom:7rem\">\n<div class=\"wp-block-columns are-vertically-aligned-center is-layout-flex wp-container-core-columns-is-layout-94d34361 wp-block-columns-is-layout-flex\" style=\"border-bottom-color:var(--wp--preset--color--palette-color-7);border-bottom-style:solid;border-bottom-width:1px;margin-bottom:3.7rem;padding-bottom:4rem\">\n<div class=\"wp-block-column is-vertically-aligned-center is-layout-flow wp-block-column-is-layout-flow\">\n<figure data-spectra-id=\"spectra-mlrq47bj-hi1ktl\" class=\"wp-block-image size-full is-resized\" ><img fetchpriority=\"high\" decoding=\"async\" width=\"1916\" height=\"1804\" src=\"https:\/\/desidelab.com\/wp-content\/uploads\/2026\/02\/MagicEraser_260218_154701-1.png\" alt=\"magiceraser 260218 154701\" class=\"wp-image-3935\" title=\"Para Negocios \u2192\" srcset=\"https:\/\/desidelab.com\/wp-content\/uploads\/2026\/02\/MagicEraser_260218_154701-1.png 1916w, https:\/\/desidelab.com\/wp-content\/uploads\/2026\/02\/MagicEraser_260218_154701-1-300x282.png 300w, https:\/\/desidelab.com\/wp-content\/uploads\/2026\/02\/MagicEraser_260218_154701-1-1024x964.png 1024w, https:\/\/desidelab.com\/wp-content\/uploads\/2026\/02\/MagicEraser_260218_154701-1-768x723.png 768w, https:\/\/desidelab.com\/wp-content\/uploads\/2026\/02\/MagicEraser_260218_154701-1-1536x1446.png 1536w\" sizes=\"(max-width: 1916px) 100vw, 1916px\" \/><\/figure>\n<\/div>\n\n\n\n<div class=\"wp-block-column is-vertically-aligned-center is-layout-flow wp-block-column-is-layout-flow\" style=\"padding-right:0;padding-left:0;flex-basis:55%\">\n<p class=\"has-text-align-center has-white-color has-text-color has-link-color wp-elements-738ddd638c22a9f6ad5e552a3744520c\" style=\"margin-bottom:15px;font-size:clamp(14px, 0.875rem + ((1vw - 3.2px) * 0.313), 18px);font-style:normal;font-weight:500\"><strong>Menos ruido. M\u00e1s resultados.<\/strong><\/p>\n\n\n\n<h1 class=\"wp-block-heading has-text-align-center has-white-color has-text-color has-link-color has-x-large-font-size wp-elements-efe68e54f87d8dd03e08c969c067f767\" id=\"the-perfect-theme-for-stunning-websites\" style=\"margin-top:0;margin-bottom:20px;font-style:normal;font-weight:800;line-height:1.2\">Qu\u00e9 Ocurre Despu\u00e9s De Aplicar<\/h1>\n\n\n\n<p class=\"has-text-align-center has-palette-color-6-color has-text-color has-link-color has-medium-font-size wp-elements-d9f3a3b7ae0fa8c7b612b2e33d725933\" style=\"margin-bottom:50px\">No empezamos con anuncios. Primero construimos la estructura correcta.<\/p>\n\n\n\n<p class=\"has-text-align-center has-palette-color-6-color has-text-color has-link-color has-medium-font-size wp-elements-5bacee3bccbb9bb04c05eaa65b148470\">As\u00ed funciona el proceso<\/p>\n\n\n\n<div class=\"wp-block-buttons alignfull is-content-justification-center is-layout-flex wp-container-core-buttons-is-layout-d97bd03c wp-block-buttons-is-layout-flex\">\n<div class=\"wp-block-button\"><a class=\"wp-block-button__link has-white-background-color has-text-color has-background has-link-color has-custom-font-size wp-element-button\" href=\"https:\/\/desidelab.com\/es\/contact\/\" style=\"border-radius:8px;color:#101010;padding-top:15px;padding-right:25px;padding-bottom:15px;padding-left:25px;font-size:clamp(14px, 0.875rem + ((1vw - 3.2px) * 0.313), 18px);font-style:normal;font-weight:600\">Aplicar Para Trabajar Con Nosotros<\/a><\/div>\n\n\n\n<div class=\"wp-block-button is-style-outline is-style-outline--7\"><a class=\"wp-block-button__link has-white-color has-text-color has-background has-link-color has-border-color has-custom-font-size wp-element-button\" href=\"https:\/\/wa.me\/61451339283?text=Hi%20Decide%20Lab%20%F0%9F%91%8B%0A%0AI%E2%80%99d%20like%20to%20apply%20to%20work%20with%20you.%0A%0AName%3A%0ABusiness%20or%20Creator%3A%0AMonthly%20revenue%20%2F%20audience%3A%0AMain%20goal%20in%20the%20next%2090%20days%3A%0A%0AThanks!\" style=\"border-color:#fefefe;border-width:2px;border-radius:8px;background-color:#ffffff00;padding-top:13px;padding-right:25px;padding-bottom:13px;padding-left:25px;font-size:clamp(14px, 0.875rem + ((1vw - 3.2px) * 0.313), 18px);font-style:normal;font-weight:600\">Aplica via WhatsApp<\/a><\/div>\n<\/div>\n<\/div>\n<\/div>\n\n\n\n<div class=\"wp-block-group has-medium-font-size is-layout-grid wp-container-core-group-is-layout-51e6238c wp-block-group-is-layout-grid\">\n<div class=\"wp-block-group is-layout-constrained wp-block-group-is-layout-constrained\">\n<h2 class=\"wp-block-heading has-text-align-center has-white-color has-text-color has-link-color has-medium-font-size wp-elements-6f6edb7e05624bf4e0d4ac676780faf3\" id=\"300\" style=\"margin-bottom:0;font-style:normal;font-weight:900\">01 \u2013 Evaluaci\u00f3n Estrategica<\/h2>\n\n\n\n<p class=\"has-text-align-center has-white-color has-text-color has-link-color wp-elements-4d9ef4ac09ce2a1ff263cebb9839ea40\" style=\"font-size:clamp(14px, 0.875rem + ((1vw - 3.2px) * 0.313), 18px);\">Analizamos tu oferta, posicionamiento y el sistema actual de adquisici\u00f3n de clientes.<\/p>\n<\/div>\n\n\n\n<div class=\"wp-block-group is-layout-constrained wp-block-group-is-layout-constrained\">\n<h2 class=\"wp-block-heading has-text-align-center has-white-color has-text-color has-link-color has-medium-font-size wp-elements-d2aa45560e3d58b94f1f61144149ff1b\" id=\"300\" style=\"margin-bottom:0;font-style:normal;font-weight:900\">02 \u2013 Dise\u00f1o Estrat\u00e9gico<\/h2>\n\n\n\n<p class=\"has-text-align-center has-white-color has-text-color has-link-color wp-elements-0f96803bb1a17d0b8f9380c384aa1641\" style=\"font-size:clamp(14px, 0.875rem + ((1vw - 3.2px) * 0.313), 18px);\">Definimos la estructura de automatizaci\u00f3n y la arquitectura de crecimiento.<\/p>\n<\/div>\n\n\n\n<div class=\"wp-block-group is-layout-constrained wp-block-group-is-layout-constrained\">\n<h2 class=\"wp-block-heading has-text-align-center has-white-color has-text-color has-link-color has-medium-font-size wp-elements-652692554a8b02d89c62bc62653776bb\" id=\"300\" style=\"margin-bottom:0;font-style:normal;font-weight:900\">03 \u2013 Implementaci\u00f3n del sistema<\/h2>\n\n\n\n<p class=\"has-text-align-center has-white-color has-text-color has-link-color wp-elements-31f39251b3b363341091b714b331f1e7\" style=\"font-size:clamp(14px, 0.875rem + ((1vw - 3.2px) * 0.313), 18px);\"> Implementamos CRM, automatizaci\u00f3n, tracking y l\u00f3gica de funnel de forma completa.<\/p>\n<\/div>\n\n\n\n<div class=\"wp-block-group is-layout-constrained wp-block-group-is-layout-constrained\">\n<h2 class=\"wp-block-heading has-text-align-center has-white-color has-text-color has-link-color has-medium-font-size wp-elements-e1d25b25c68e5ebc48aeab4d3d7a2242\" id=\"300\" style=\"margin-bottom:0;font-style:normal;font-weight:900\">4 \u2013 Optimizaci\u00f3n y lanzamiento<\/h2>\n\n\n\n<p class=\"has-text-align-center has-white-color has-text-color has-link-color wp-elements-163152993404c797776903bdff351f4c\" style=\"font-size:clamp(14px, 0.875rem + ((1vw - 3.2px) * 0.313), 18px);\">Todo queda conectado, probado y optimizado para rendimiento.<\/p>\n<\/div>\n<\/div>\n<\/div>\n\n\n\n<p><\/p>","protected":false},"excerpt":{"rendered":"<p>You don&#8217;t have a traffic problem. You have a system problem. Why Most Service Businesses Plateau Leeds are coming in. Revenue isn&#8217;t predictable. The System Behind the Growth We design and implement complete marketing automation and paid acquisition systems for service-based businesses ready to scale with structure Revenue Foundation Structured automation for predictable revenue. Built [&hellip;]<\/p>\n","protected":false},"author":1,"featured_media":0,"parent":0,"menu_order":0,"comment_status":"closed","ping_status":"closed","template":"","meta":{"_uag_custom_page_level_css":"","footnotes":""},"class_list":["post-3859","page","type-page","status-publish","hentry"],"blocksy_meta":[],"_hostinger_reach_plugin_has_subscription_block":false,"_hostinger_reach_plugin_is_elementor":false,"uagb_featured_image_src":{"full":false,"thumbnail":false,"medium":false,"medium_large":false,"large":false,"1536x1536":false,"2048x2048":false,"trp-custom-language-flag":false},"uagb_author_info":{"display_name":"gabrielmarincuevas@hotmail.com","author_link":"https:\/\/desidelab.com\/es\/author\/gabrielmarincuevashotmail-com\/"},"uagb_comment_info":0,"uagb_excerpt":"You don&#8217;t have a traffic problem. You have a system problem. Why Most Service Businesses Plateau Leeds are coming in. Revenue isn&#8217;t predictable. The System Behind the Growth We design and implement complete marketing automation and paid acquisition systems for service-based businesses ready to scale with structure Revenue Foundation Structured automation for predictable revenue. Built&hellip;","_links":{"self":[{"href":"https:\/\/desidelab.com\/es\/wp-json\/wp\/v2\/pages\/3859","targetHints":{"allow":["GET"]}}],"collection":[{"href":"https:\/\/desidelab.com\/es\/wp-json\/wp\/v2\/pages"}],"about":[{"href":"https:\/\/desidelab.com\/es\/wp-json\/wp\/v2\/types\/page"}],"author":[{"embeddable":true,"href":"https:\/\/desidelab.com\/es\/wp-json\/wp\/v2\/users\/1"}],"replies":[{"embeddable":true,"href":"https:\/\/desidelab.com\/es\/wp-json\/wp\/v2\/comments?post=3859"}],"version-history":[{"count":23,"href":"https:\/\/desidelab.com\/es\/wp-json\/wp\/v2\/pages\/3859\/revisions"}],"predecessor-version":[{"id":4247,"href":"https:\/\/desidelab.com\/es\/wp-json\/wp\/v2\/pages\/3859\/revisions\/4247"}],"wp:attachment":[{"href":"https:\/\/desidelab.com\/es\/wp-json\/wp\/v2\/media?parent=3859"}],"curies":[{"name":"wp","href":"https:\/\/api.w.org\/{rel}","templated":true}]}}