{"id":3861,"date":"2026-02-16T18:33:00","date_gmt":"2026-02-16T18:33:00","guid":{"rendered":"https:\/\/desidelab.com\/?page_id=3861"},"modified":"2026-02-22T17:56:21","modified_gmt":"2026-02-22T17:56:21","slug":"philosophy","status":"publish","type":"page","link":"https:\/\/desidelab.com\/es\/philosophy\/","title":{"rendered":"Nuestra Filosofia"},"content":{"rendered":"<div class=\"wp-block-cover alignfull is-light\" style=\"margin-top:0;padding-top:5vw;padding-right:5vw;padding-bottom:5vw;padding-left:5vw\"><span aria-hidden=\"true\" class=\"wp-block-cover__background has-background-dim-100 has-background-dim\" style=\"background-color:#f4efe8\"><\/span><div class=\"wp-block-cover__inner-container is-layout-flow wp-block-cover-is-layout-flow\">\n<div class=\"wp-block-group is-layout-flex wp-container-core-group-is-layout-d0921e6e wp-block-group-is-layout-flex\">\n<div class=\"wp-block-group wp-container-content-8eb0bdf3 is-layout-flow wp-container-core-group-is-layout-634f0b9d wp-block-group-is-layout-flow\">\n<p class=\"has-medium-font-size wp-container-content-aeb25491\" style=\"font-style:normal;font-weight:300;letter-spacing:0px;line-height:1.4;text-decoration:none;text-transform:none\"><strong>Deside Lab naci\u00f3 como una agencia boutique de crecimiento basada en una idea simple:<\/strong><\/p>\n\n\n\n<p>Peque\u00f1os por elecci\u00f3n. Profundos en estrategia. Rigurosos en ejecuci\u00f3n.<\/p>\n\n\n\n<p>Creamos este estudio tras ver demasiado ruido disfrazado de estrategia y demasiados negocios creciendo sin estructura.<\/p>\n\n\n\n<p>El crecimiento estaba en todas partes. La estabilidad no.<\/p>\n\n\n\n<p class=\"wp-container-content-aeb25491\" style=\"font-size:clamp(14px, 0.875rem + ((1vw - 3.2px) * 0.234), 17px);font-style:normal;font-weight:300;letter-spacing:0px;line-height:1.4;text-decoration:none;text-transform:none\"><strong>Por eso decidimos construir de forma diferente.<\/strong><\/p>\n<\/div>\n\n\n\n<div class=\"wp-block-group wp-container-content-9cfa9a5a is-layout-flow wp-container-core-group-is-layout-d6743c7d wp-block-group-is-layout-flow\">\n<p class=\"has-text-align-right has-black-color has-text-color has-inter-font-family\" style=\"font-size:clamp(67.975px, 4.248rem + ((1vw - 3.2px) * 6.252), 148px);font-style:normal;font-weight:800;letter-spacing:-4px;line-height:0.8;text-transform:capitalize\">Dise\u00f1ado<br>Con<\/p>\n\n\n\n<p class=\"has-text-align-right has-white-color has-text-color has-inter-font-family\" style=\"font-size:clamp(67.975px, 4.248rem + ((1vw - 3.2px) * 6.252), 148px);font-style:normal;font-weight:800;letter-spacing:-4px;line-height:0.8;text-transform:capitalize\">Intenci\u00f3n<\/p>\n<\/div>\n<\/div>\n<\/div><\/div>\n\n\n\n<div class=\"wp-block-columns is-layout-flex wp-container-core-columns-is-layout-28f84493 wp-block-columns-is-layout-flex\">\n<div class=\"wp-block-column has-border-color has-palette-color-7-background-color has-background is-layout-flow wp-block-column-is-layout-flow\" style=\"border-color:#0000001f;border-width:1px;padding-top:var(--wp--preset--spacing--50);padding-right:var(--wp--preset--spacing--40);padding-bottom:var(--wp--preset--spacing--50);padding-left:var(--wp--preset--spacing--40)\">\n<h1 class=\"wp-block-heading has-text-align-left\" style=\"padding-top:0;padding-right:var(--wp--preset--spacing--20);padding-bottom:0;padding-left:var(--wp--preset--spacing--20);font-size:clamp(24.034px, 1.502rem + ((1vw - 3.2px) * 1.247), 40px);\"><strong>El Crecimiento Debe Sentirse Estructurado.<\/strong><\/h1>\n\n\n\n<p class=\"has-text-align-left has-black-color has-text-color has-link-color wp-elements-3f50b7e65b095ee7491a2d8ba609635f\" style=\"margin-top:0;margin-bottom:0;padding-top:0;padding-right:var(--wp--preset--spacing--20);padding-bottom:0;padding-left:var(--wp--preset--spacing--20)\">Demasiados negocios y creadores confunden actividad con progreso.<\/p>\n\n\n\n<p class=\"has-text-align-left has-black-color has-text-color has-link-color wp-elements-74fc4b1f6f3323d2c4a41198619f14ea\" style=\"padding-right:var(--wp--preset--spacing--20);padding-left:var(--wp--preset--spacing--20)\">M\u00e1s contenido. M\u00e1s anuncios. M\u00e1s movimiento. Pero sin arquitectura.<\/p>\n\n\n\n<p class=\"has-black-color has-text-color has-link-color wp-elements-2b6b6faea888217e81242275840fa2a2\" style=\"padding-right:var(--wp--preset--spacing--20);padding-left:var(--wp--preset--spacing--20)\">Creemos que el crecimiento debe ser tranquilo, medible y dise\u00f1ado estrat\u00e9gicamente.<\/p>\n\n\n\n<p class=\"has-black-color has-text-color has-link-color wp-elements-28d9db9fadf8156e041f9f9f07d608ba\" style=\"margin-top:0;margin-bottom:0;padding-top:0;padding-right:var(--wp--preset--spacing--20);padding-bottom:0;padding-left:var(--wp--preset--spacing--20);font-style:normal;font-weight:400\">Ingresos predecibles. Sistemas claros. Ejecuci\u00f3n intencional.<\/p>\n\n\n\n<p class=\"has-black-color has-text-color has-link-color wp-elements-e0b21f68749495cbd8835d6c53ada360\" style=\"margin-top:0;margin-bottom:0;padding-top:0;padding-right:var(--wp--preset--spacing--20);padding-bottom:0;padding-left:var(--wp--preset--spacing--20)\">Sin caos. Sin improvisaci\u00f3n.<\/p>\n<\/div>\n\n\n\n<div class=\"wp-block-column is-layout-flow wp-block-column-is-layout-flow\">\n<figure data-spectra-id=\"spectra-mlxt2k6s-rkmh1j\" class=\"wp-block-image size-full\"><img fetchpriority=\"high\" decoding=\"async\" width=\"1024\" height=\"1024\" src=\"https:\/\/desidelab.com\/wp-content\/uploads\/2026\/02\/MagicEraser_260202_190551.png\" alt=\"magiceraser 260202 190551\" class=\"wp-image-3737\" title=\"Nuestra Filosofia\" srcset=\"https:\/\/desidelab.com\/wp-content\/uploads\/2026\/02\/MagicEraser_260202_190551.png 1024w, https:\/\/desidelab.com\/wp-content\/uploads\/2026\/02\/MagicEraser_260202_190551-300x300.png 300w, https:\/\/desidelab.com\/wp-content\/uploads\/2026\/02\/MagicEraser_260202_190551-150x150.png 150w, https:\/\/desidelab.com\/wp-content\/uploads\/2026\/02\/MagicEraser_260202_190551-768x768.png 768w\" sizes=\"(max-width: 1024px) 100vw, 1024px\" \/><figcaption class=\"wp-element-caption\">Creemos que el crecimiento se construye mediante alianzas selectivas, infraestructura profunda y ejecuci\u00f3n alineada a resultados.<\/figcaption><\/figure>\n<\/div>\n<\/div>\n\n\n\n<figure class=\"wp-block-video\"><video height=\"2158\" style=\"aspect-ratio: 3840 \/ 2158;\" width=\"3840\" autoplay controls loop muted src=\"https:\/\/desidelab.com\/wp-content\/uploads\/2026\/02\/video-output-C016269D-46D0-49BD-9E90-0476D5F34508-1-1.mov\" playsinline><\/video><\/figure>\n\n\n\n<div class=\"wp-block-columns is-layout-flex wp-container-core-columns-is-layout-28f84493 wp-block-columns-is-layout-flex\">\n<div class=\"wp-block-column is-layout-flow wp-block-column-is-layout-flow\">\n<p class=\"has-palette-color-4-color has-text-color has-link-color wp-elements-96784cc57f139dfeab29c8e3a16e90ba\">Explora nuestras colaboraciones:<\/p>\n\n\n\n<p><a href=\"https:\/\/desidelab.com\/es\/for-business\/\" data-type=\"page\" data-id=\"3859\">Para Negocios \u2192<\/a>\u2192<\/p>\n\n\n\n<p><a href=\"https:\/\/desidelab.com\/es\/onlyfans-growth-agency\/\" data-type=\"page\" data-id=\"3860\">Para Creadores \u2192<\/a>\u2192<\/p>\n<\/div>\n\n\n\n<div class=\"wp-block-column has-border-color has-palette-color-7-border-color has-background is-layout-flow wp-block-column-is-layout-flow\" style=\"border-width:1px;background-color:#0000001f;padding-top:var(--wp--preset--spacing--50);padding-right:var(--wp--preset--spacing--40);padding-bottom:var(--wp--preset--spacing--50);padding-left:var(--wp--preset--spacing--40)\">\n<h2 class=\"wp-block-heading\" style=\"padding-right:var(--wp--preset--spacing--20);padding-left:var(--wp--preset--spacing--20);font-size:clamp(24.034px, 1.502rem + ((1vw - 3.2px) * 1.247), 40px);\"><strong>Directos. Enfocados. Comprometidos Con Los Resultados<\/strong><\/h2>\n\n\n\n<p class=\"has-black-color has-text-color has-link-color wp-elements-d9780d5f3194dfa1d4f2d21d19d6551b\" style=\"margin-top:var(--wp--preset--spacing--20);margin-right:var(--wp--preset--spacing--20);margin-bottom:var(--wp--preset--spacing--20);margin-left:var(--wp--preset--spacing--20)\">Trabajamos con un n\u00famero limitado de partners como agencia boutique de crecimiento no porque no podamos escalar, sino porque la profundidad importa m\u00e1s que el volumen.<\/p>\n\n\n\n<p class=\"has-black-color has-text-color has-link-color wp-elements-7d07b8c8364f919e76194b584ff356f5\" style=\"margin-top:var(--wp--preset--spacing--20);margin-bottom:var(--wp--preset--spacing--20);padding-top:0;padding-right:var(--wp--preset--spacing--20);padding-bottom:0;padding-left:var(--wp--preset--spacing--20)\">La infraestructura requiere pensamiento. La ejecuci\u00f3n requiere atenci\u00f3n. La alineaci\u00f3n requiere presencia.<\/p>\n\n\n\n<p class=\"has-black-color has-text-color has-link-color wp-elements-02b6ea6e5b07ba77248b89109dca1d45\" style=\"margin-top:0;margin-right:0;margin-bottom:0;margin-left:0;padding-right:var(--wp--preset--spacing--20);padding-left:var(--wp--preset--spacing--20)\">Sin capas. Sin comunicaci\u00f3n diluida. Sin intermediarios tipo \u201caccount manager\u201d.<\/p>\n\n\n\n<p class=\"has-black-color has-text-color has-link-color wp-elements-94a80acdd79b4522093322bca688629b\" style=\"padding-top:0;padding-right:var(--wp--preset--spacing--20);padding-bottom:0;padding-left:var(--wp--preset--spacing--20)\">Si lo construimos, seguimos involucrados.<\/p>\n<\/div>\n<\/div>\n\n\n\t<p data-spectra-id=\"spectra-mlsf39og-h2jkz9\"\t\tclass=\"wp-block-spectra-content\">\n\t\t&#8211;\t<\/p>\n\n\n\n<div class=\"wp-block-group alignfull has-black-background-color has-background is-layout-constrained wp-container-core-group-is-layout-69f9e8d2 wp-block-group-is-layout-constrained\" style=\"margin-top:0;margin-bottom:0;padding-top:4rem;padding-right:0;padding-bottom:4rem;padding-left:0\">\n<p class=\"has-text-align-center has-white-color has-text-color has-link-color has-small-font-size wp-elements-96c66edb7ad378609c2a01e3acf3013d\" style=\"margin-bottom:15px;font-style:normal;font-weight:500\">Lo Que Nos Importa<\/p>\n\n\n\n<h1 class=\"wp-block-heading has-text-align-center has-white-color has-text-color has-link-color has-x-large-font-size wp-elements-0d01bcc2fb199cccc812ba5406c76fd5\" style=\"margin-top:0;margin-bottom:30px;font-style:normal;font-weight:800;line-height:1.2\">Infraestructura Antes Que Hype<\/h1>\n\n\n\n<p class=\"has-text-align-center has-white-color has-text-color has-link-color wp-elements-66ed53ce80bc0290039f6f63312d3232\" style=\"margin-top:var(--wp--preset--spacing--20);margin-bottom:var(--wp--preset--spacing--20);font-size:clamp(14px, 0.875rem + ((1vw - 3.2px) * 0.078), 15px);\">Las tendencias impresionan. Los sistemas multiplican.<\/p>\n\n\n\n<p class=\"has-text-align-center has-white-color has-text-color has-link-color wp-elements-dffe4ad0633c22f342236d6304279cfb\" style=\"margin-bottom:0;font-size:clamp(14px, 0.875rem + ((1vw - 3.2px) * 0.078), 15px);\">Construimos arquitecturas de crecimiento dise\u00f1adas para durar.<\/p>\n\n\n\n<div data-spectra-id=\"spectra-mlv3sk13-orxzww\" style=\"--spectra-text-color: inherit; --spectra-background-gradient: linear-gradient(176deg, var(--sc-color-primary-500) 100%, #f4efe8 100%); --spectra-overlay-opacity: 0.6;\" class=\"spectra-overlay-color spectra-text-color spectra-background-gradient spectra-dim-ratio wp-block-spectra-slider\" id=\"spectra-slider-7\" data-swiper=\"{&quot;slidesPerView&quot;:1,&quot;spaceBetween&quot;:30,&quot;loop&quot;:true,&quot;navigation&quot;:{&quot;enabled&quot;:false,&quot;nextEl&quot;:&quot;.swiper-button-next&quot;,&quot;prevEl&quot;:&quot;.swiper-button-prev&quot;},&quot;pagination&quot;:{&quot;enabled&quot;:true,&quot;el&quot;:&quot;.swiper-pagination&quot;,&quot;clickable&quot;:true},&quot;autoplay&quot;:{&quot;delay&quot;:3000,&quot;disableOnInteraction&quot;:false,&quot;pauseOnMouseEnter&quot;:false},&quot;allowTouchMove&quot;:true,&quot;breakpoints&quot;:{&quot;0&quot;:{&quot;slidesPerView&quot;:1,&quot;spaceBetween&quot;:30},&quot;768&quot;:{&quot;slidesPerView&quot;:1,&quot;spaceBetween&quot;:30},&quot;1024&quot;:{&quot;slidesPerView&quot;:1,&quot;spaceBetween&quot;:30}}}\" data-modules=\"[]\">\n\n\t<div class=\"spectra-slider-container\">\n\t\t<div class=\"swiper\">\n\t\t\t<div class=\"swiper-wrapper\" aria-live=\"polite\">\n\t\t\t\t\n\n<div data-spectra-id=\"spectra-mlv3sk99-cmpkoe\" style=\"--spectra-background-gradient: linear-gradient(0deg, #f4efe8 -100%, var(--wp--preset--color--black) 40%);--spectra-overlay-opacity: 100\" class=\"swiper-slide spectra-background-overlay spectra-overlay-color spectra-background-gradient spectra-dim-ratio wp-block-spectra-slider-child\" id=\"spectra-slider-1\">\n\t\t<div class=\"slide-content\">\n\t\t\n\t<p data-spectra-id=\"spectra-mlv3spl5-0dqupt\" style=\"--spectra-text-color: palette-color-7\" class=\"has-text-color has-link-color spectra-text-color wp-elements-042b6a843cfc457a592c88cee12290ca wp-block-spectra-content has-text-color has-palette-color-7-color\">\n\t\tCRM\t<\/p>\n\n\t<\/div>\n<\/div>\n\n\n\n<div data-spectra-id=\"spectra-mlv3sk9x-zsmuhi\" style=\"--spectra-background-gradient: linear-gradient(0deg, #f4efe8 -100%, var(--wp--preset--color--black) 50%);--spectra-overlay-opacity: 100\" class=\"swiper-slide spectra-background-overlay spectra-overlay-color spectra-background-gradient spectra-dim-ratio wp-block-spectra-slider-child\" id=\"spectra-slider-2\">\n\t\t<div class=\"slide-content\">\n\t\t\n\n<p class=\"has-palette-color-7-color has-text-color has-link-color has-large-font-size wp-elements-a27cd237d2e3cc4c0743642fc8b16ce2\">Retenci\u00f3n<\/p>\n\n\t<\/div>\n<\/div>\n\n\n\n<div data-spectra-id=\"spectra-mlv3tl0e-fc81wo\" style=\"--spectra-background-gradient: linear-gradient(0deg, #f4efe8 -100%, var(--sc-color-primary-500) 60%);--spectra-overlay-opacity: 100\" class=\"swiper-slide spectra-background-overlay spectra-overlay-color spectra-background-gradient spectra-dim-ratio wp-block-spectra-slider-child\" id=\"spectra-slider-3\">\n\t\t<div class=\"slide-content\">\n\t\t\n\n<p class=\"has-palette-color-7-color has-text-color has-link-color has-large-font-size wp-elements-c1210b3d848980e1d2c593c7c32c2f63\">Automatizaci\u00f3n<\/p>\n\n\t<\/div>\n<\/div>\n\n\n\n<div data-spectra-id=\"spectra-mlv3tw5w-e1309g\" style=\"--spectra-background-gradient: linear-gradient(0deg, #f4efe8 -100%, var(--theme-palette-color-4, #000000) 70%);--spectra-overlay-opacity: 100\" class=\"swiper-slide spectra-background-overlay spectra-overlay-color spectra-background-gradient spectra-dim-ratio wp-block-spectra-slider-child\" id=\"spectra-slider-4\">\n\t\t<div class=\"slide-content\">\n\t\t\n\n<p class=\"has-palette-color-7-color has-text-color has-link-color has-large-font-size wp-elements-975d0709aa9a9f155ecfe6e902ab9240\">Data<\/p>\n\n\t<\/div>\n<\/div>\n\n\n\n<div data-spectra-id=\"spectra-mlv3u6rw-liomfi\" style=\"--spectra-background-gradient: linear-gradient(0deg, #f4efe8 -100%, var(--wp--preset--color--black) 80%);--spectra-overlay-opacity: 100\" class=\"swiper-slide spectra-background-overlay spectra-overlay-color spectra-background-gradient spectra-dim-ratio wp-block-spectra-slider-child\" id=\"spectra-slider-5\">\n\t\t<div class=\"slide-content\">\n\t\t\n\n<p class=\"has-palette-color-7-color has-text-color has-link-color has-large-font-size wp-elements-3188f86dad9c67302123cc2878f425be\">Performance<\/p>\n\n\t<\/div>\n<\/div>\n\n\n\n<div data-spectra-id=\"spectra-mlv4vmgr-g0cj3p\" style=\"--spectra-background-gradient: linear-gradient(0deg, #f4efe8 -100%, var(--wp--preset--color--black) 100%);--spectra-overlay-opacity: 100\" class=\"swiper-slide spectra-background-overlay spectra-overlay-color spectra-background-gradient spectra-dim-ratio wp-block-spectra-slider-child\" id=\"spectra-slider-6\">\n\t\t<div class=\"slide-content\">\n\t\t\n\n<p class=\"has-palette-color-7-color has-text-color has-link-color has-large-font-size wp-elements-0aaf32b6c1b4fc6d5a591e9118e4831b\">Adquisici\u00f3n<\/p>\n\n\t<\/div>\n<\/div>\n\n\t\t\t<\/div>\n\t\t<\/div>\n\n\t\t\n\t\t\t\t\t<div \n\t\t\t\tclass=\"swiper-pagination\" \n\t\t\t\trole=\"tablist\" \n\t\t\t\taria-label=\"Slider pagination\"\n\t\t\t\tdata-role=\"none\"\n\t\t\t><\/div>\n\t\t\t<\/div>\n<\/div>\n<\/div>\n\n\n\n<div class=\"wp-block-cover alignfull is-light has-parallax\" style=\"margin-top:0;margin-bottom:0;min-height:228px;aspect-ratio:unset;\"><div class=\"wp-block-cover__image-background has-parallax\" style=\"background-position:50% 50%;background-image:url(https:\/\/s.w.org\/images\/core\/5.8\/art-01.jpg)\"><\/div><span aria-hidden=\"true\" class=\"wp-block-cover__background has-background-dim-90 has-background-dim\" style=\"background-color:#f4efe8\"><\/span><div class=\"wp-block-cover__inner-container is-layout-flow wp-block-cover-is-layout-flow\">\n<p class=\"has-text-align-center\" style=\"margin-top:var(--wp--preset--spacing--20);margin-bottom:var(--wp--preset--spacing--20);font-size:clamp(14px, 0.875rem + ((1vw - 3.2px) * 0.156), 16px);\">No estamos aqu\u00ed para escalar una agencia.\nEstamos aqu\u00ed para escalar los negocios correctos.<\/p>\n\n\n\n<h2 class=\"wp-block-heading has-text-align-center alignwide has-white-color has-text-color has-palette-color-4-color has-link-color wp-elements-c41df3a88d7f1de4fed8f41b2955f785\" style=\"margin-top:0;margin-bottom:0;font-size:clamp(18.959px, 1.185rem + ((1vw - 3.2px) * 0.863), 30px);line-height:1.2\"><strong><em>Menos ruido. M\u00e1s resultados.<\/em><\/strong><\/h2>\n<\/div><\/div>\n\n\n\n<p><\/p>","protected":false},"excerpt":{"rendered":"<p>Growth Should Feel Structured. Too many businesses and creators confuse activity with progress. More posts. More ads. More movement. But no architecture. We believe growth should feel calm, measurable and engineered. Predictable revenue. Clear systems. Intentional execution. Not chaotic. Not reactive. Explore our partnerships: For Business\u2192 For creators\u2192 Direct. Focused. Accountable. We partner with a [&hellip;]<\/p>\n","protected":false},"author":1,"featured_media":0,"parent":0,"menu_order":0,"comment_status":"closed","ping_status":"closed","template":"","meta":{"_uag_custom_page_level_css":"","footnotes":""},"class_list":["post-3861","page","type-page","status-publish","hentry"],"blocksy_meta":[],"_hostinger_reach_plugin_has_subscription_block":false,"_hostinger_reach_plugin_is_elementor":false,"uagb_featured_image_src":{"full":false,"thumbnail":false,"medium":false,"medium_large":false,"large":false,"1536x1536":false,"2048x2048":false,"trp-custom-language-flag":false},"uagb_author_info":{"display_name":"gabrielmarincuevas@hotmail.com","author_link":"https:\/\/desidelab.com\/es\/author\/gabrielmarincuevashotmail-com\/"},"uagb_comment_info":0,"uagb_excerpt":"Growth Should Feel Structured. Too many businesses and creators confuse activity with progress. More posts. More ads. More movement. But no architecture. We believe growth should feel calm, measurable and engineered. Predictable revenue. Clear systems. Intentional execution. Not chaotic. Not reactive. Explore our partnerships: For Business\u2192 For creators\u2192 Direct. Focused. Accountable. We partner with a&hellip;","_links":{"self":[{"href":"https:\/\/desidelab.com\/es\/wp-json\/wp\/v2\/pages\/3861","targetHints":{"allow":["GET"]}}],"collection":[{"href":"https:\/\/desidelab.com\/es\/wp-json\/wp\/v2\/pages"}],"about":[{"href":"https:\/\/desidelab.com\/es\/wp-json\/wp\/v2\/types\/page"}],"author":[{"embeddable":true,"href":"https:\/\/desidelab.com\/es\/wp-json\/wp\/v2\/users\/1"}],"replies":[{"embeddable":true,"href":"https:\/\/desidelab.com\/es\/wp-json\/wp\/v2\/comments?post=3861"}],"version-history":[{"count":56,"href":"https:\/\/desidelab.com\/es\/wp-json\/wp\/v2\/pages\/3861\/revisions"}],"predecessor-version":[{"id":4228,"href":"https:\/\/desidelab.com\/es\/wp-json\/wp\/v2\/pages\/3861\/revisions\/4228"}],"wp:attachment":[{"href":"https:\/\/desidelab.com\/es\/wp-json\/wp\/v2\/media?parent=3861"}],"curies":[{"name":"wp","href":"https:\/\/api.w.org\/{rel}","templated":true}]}}