{"id":3862,"date":"2026-02-16T18:33:00","date_gmt":"2026-02-16T18:33:00","guid":{"rendered":"https:\/\/desidelab.com\/?page_id=3862"},"modified":"2026-02-24T14:30:47","modified_gmt":"2026-02-24T14:30:47","slug":"contact","status":"publish","type":"page","link":"https:\/\/desidelab.com\/es\/contact\/","title":{"rendered":"Contacto"},"content":{"rendered":"<div class=\"wp-block-group alignfull has-background is-content-justification-center is-layout-constrained wp-container-core-group-is-layout-3f0fbe86 wp-block-group-is-layout-constrained\" style=\"background-color:#f4efe8;margin-top:0;margin-bottom:0;padding-top:var(--wp--preset--spacing--50);padding-right:var(--wp--preset--spacing--20);padding-bottom:var(--wp--preset--spacing--50);padding-left:var(--wp--preset--spacing--20)\">\n<p class=\"has-text-align-center has-black-color has-text-color has-link-color wp-elements-772d1aa03221089855cf894b50fbba7d\" style=\"margin-bottom:20px;font-style:normal;font-weight:500\">Inicia una conversaci\u00f3n<\/p>\n\n\n\n<h1 class=\"wp-block-heading has-text-align-center has-black-color has-text-color has-link-color has-xx-large-font-size wp-elements-7f08c7b9ff22e71f9236b30637a74db4\" style=\"margin-top:0;margin-bottom:20px;font-style:normal;font-weight:800;line-height:1.2\">Las Colaboraciones Empiezan Con Intenci\u00f3n<\/h1>\n\n\n\n<p class=\"has-text-align-center has-black-color has-text-color has-link-color wp-elements-23525173ef516bade9f5c0ff209a1f28\" style=\"margin-top:var(--wp--preset--spacing--40);margin-bottom:var(--wp--preset--spacing--20);font-size:clamp(14px, 0.875rem + ((1vw - 3.2px) * 0.156), 16px);\">No trabajamos con todo el mundo \u2014 y es intencional.<\/p>\n\n\n\n<p class=\"has-text-align-center has-black-color has-text-color has-link-color wp-elements-8b8a5a36b636e7bb29408530c1f658a5\" style=\"margin-top:0;margin-bottom:0;padding-top:0;padding-bottom:var(--wp--preset--spacing--70);font-size:clamp(14px, 0.875rem + ((1vw - 3.2px) * 0.156), 16px);\">Si quieres trabajar con una agencia de automatizaci\u00f3n y crecimiento, utiliza el formulario de abajo o cont\u00e1ctanos directamente y cu\u00e9ntanos qu\u00e9 est\u00e1s construyendo.<\/p>\n\n\n\n<div style=\"margin-bottom:20px;\">\n<button onclick=\"showForm('business')\" style=\"margin-right:10px;\">Para Negocios \u2192<\/button>\n<button onclick=\"showForm('creators')\">Para Creadores<\/button>\n<\/div>\n\n<div id=\"businessForm\">\n<script src=\"https:\/\/js-na2.hsforms.net\/forms\/embed\/244921154.js\" defer><\/script>\n<div class=\"hs-form-frame\"\ndata-region=\"na2\"\ndata-form-id=\"c270c58b-0869-4eaa-a760-81504bad717d\"\ndata-portal-id=\"244921154\"><\/div>\n<\/div>\n\n<div id=\"creatorsForm\" style=\"display:none;\">\n<script src=\"https:\/\/js-na2.hsforms.net\/forms\/embed\/244921154.js\" defer><\/script>\n<div class=\"hs-form-frame\"\ndata-region=\"na2\"\ndata-form-id=\"cdd73c8e-8e08-4c36-af42-f52825223f20\"\ndata-portal-id=\"244921154\"><\/div>\n<\/div>\n\n<script>\nfunction showForm(type){\ndocument.getElementById('businessForm').style.display = type==='business' ? 'block' : 'none';\ndocument.getElementById('creatorsForm').style.display = type==='creators' ? 'block' : 'none';\n}\n<\/script>\n<\/div>\n\n\n\n<div class=\"wp-block-cover alignfull is-light\" style=\"margin-top:0;margin-bottom:0;padding-top:0;padding-bottom:0\"><span aria-hidden=\"true\" class=\"wp-block-cover__background has-background-dim-20 has-background-dim\" style=\"background-color:#f4efe8\"><\/span><div class=\"wp-block-cover__inner-container is-layout-flow wp-container-core-cover-is-layout-cca2f3be wp-block-cover-is-layout-flow\">\n<div class=\"wp-block-media-text alignwide is-stacked-on-mobile is-vertically-aligned-center\" style=\"grid-template-columns:19% auto\"><figure class=\"wp-block-media-text__media\"><img fetchpriority=\"high\" decoding=\"async\" width=\"512\" height=\"512\" src=\"https:\/\/desidelab.com\/wp-content\/uploads\/2026\/02\/cropped-MagicEraser_260202_190551-3.png\" alt=\"magiceraser 260202 190551 3\" class=\"wp-image-4040 size-full\" title=\"Contacto\" srcset=\"https:\/\/desidelab.com\/wp-content\/uploads\/2026\/02\/cropped-MagicEraser_260202_190551-3.png 512w, https:\/\/desidelab.com\/wp-content\/uploads\/2026\/02\/cropped-MagicEraser_260202_190551-3-300x300.png 300w, https:\/\/desidelab.com\/wp-content\/uploads\/2026\/02\/cropped-MagicEraser_260202_190551-3-150x150.png 150w, https:\/\/desidelab.com\/wp-content\/uploads\/2026\/02\/cropped-MagicEraser_260202_190551-3-270x270.png 270w, https:\/\/desidelab.com\/wp-content\/uploads\/2026\/02\/cropped-MagicEraser_260202_190551-3-192x192.png 192w, https:\/\/desidelab.com\/wp-content\/uploads\/2026\/02\/cropped-MagicEraser_260202_190551-3-180x180.png 180w, https:\/\/desidelab.com\/wp-content\/uploads\/2026\/02\/cropped-MagicEraser_260202_190551-3-32x32.png 32w\" sizes=\"(max-width: 512px) 100vw, 512px\" \/><\/figure><div class=\"wp-block-media-text__content\">\n<h2 class=\"wp-block-heading has-text-color\" style=\"color:#000000;margin-top:0;margin-bottom:0;font-size:clamp(20px, 1.25rem + ((1vw - 3.2px) * 0.938), 32px);\"><strong>\u00bfPrefieres otra v\u00eda?<\/strong><\/h2>\n\n\n\n<p class=\"has-text-color\" style=\"color:#000000;font-size:clamp(14px, 0.875rem + ((1vw - 3.2px) * 0.234), 17px);\">Puedes contactarnos directamente por email o WhatsApp.<\/p>\n\n\n\n<p class=\"has-black-color has-text-color has-link-color wp-elements-88db1161db842b921b77c5de893b6823\">Revisamos cada solicitud y trasladamos las colaboraciones cualificadas a una llamada estrat\u00e9gica.<\/p>\n\n\n\n<p class=\"has-text-color\" style=\"color:#000000;font-size:clamp(14px, 0.875rem + ((1vw - 3.2px) * 0.234), 17px);\">Email: hello@desidelab.com <\/p>\n\n\n\n<p class=\"has-text-color\" style=\"color:#000000;font-size:clamp(14px, 0.875rem + ((1vw - 3.2px) * 0.234), 17px);\">Colaboramos de forma remota con partners seleccionados en todo el mundo.<\/p>\n\n\n\n<div class=\"wp-block-buttons is-layout-flex wp-block-buttons-is-layout-flex\">\n<div class=\"wp-block-button is-style-fill\"><a class=\"wp-block-button__link wp-element-button\" href=\"https:\/\/wa.me\/61451339283?text=Hi%20Decide%20Lab%20%F0%9F%91%8B%0A%0AI%E2%80%99d%20like%20to%20apply%20to%20work%20with%20you.%0A%0AName%3A%0ABusiness%20or%20Creator%3A%0AMonthly%20revenue%20%2F%20audience%3A%0AMain%20goal%20in%20the%20next%2090%20days%3A%0A%0AThanks!\">Contactar por WhatsApp<\/a><\/div>\n<\/div>\n<\/div><\/div>\n<\/div><\/div>","protected":false},"excerpt":{"rendered":"<p>Start a conversation Partnership Starts With Intention We don&#8217;t work with everyone &#8211; and that&#8217;s intentional. If you&#8217;re looking to work with a growth automation agency, use the form below or reach out directly and tell us what you&#8217;re building. For Business For Creators<\/p>","protected":false},"author":1,"featured_media":0,"parent":0,"menu_order":0,"comment_status":"closed","ping_status":"closed","template":"","meta":{"_uag_custom_page_level_css":"","footnotes":""},"class_list":["post-3862","page","type-page","status-publish","hentry"],"blocksy_meta":[],"_hostinger_reach_plugin_has_subscription_block":false,"_hostinger_reach_plugin_is_elementor":false,"uagb_featured_image_src":{"full":false,"thumbnail":false,"medium":false,"medium_large":false,"large":false,"1536x1536":false,"2048x2048":false,"trp-custom-language-flag":false},"uagb_author_info":{"display_name":"gabrielmarincuevas@hotmail.com","author_link":"https:\/\/desidelab.com\/es\/author\/gabrielmarincuevashotmail-com\/"},"uagb_comment_info":0,"uagb_excerpt":"Start a conversation Partnership Starts With Intention We don&#8217;t work with everyone &#8211; and that&#8217;s intentional. If you&#8217;re looking to work with a growth automation agency, use the form below or reach out directly and tell us what you&#8217;re building. For Business For Creators","_links":{"self":[{"href":"https:\/\/desidelab.com\/es\/wp-json\/wp\/v2\/pages\/3862","targetHints":{"allow":["GET"]}}],"collection":[{"href":"https:\/\/desidelab.com\/es\/wp-json\/wp\/v2\/pages"}],"about":[{"href":"https:\/\/desidelab.com\/es\/wp-json\/wp\/v2\/types\/page"}],"author":[{"embeddable":true,"href":"https:\/\/desidelab.com\/es\/wp-json\/wp\/v2\/users\/1"}],"replies":[{"embeddable":true,"href":"https:\/\/desidelab.com\/es\/wp-json\/wp\/v2\/comments?post=3862"}],"version-history":[{"count":46,"href":"https:\/\/desidelab.com\/es\/wp-json\/wp\/v2\/pages\/3862\/revisions"}],"predecessor-version":[{"id":4246,"href":"https:\/\/desidelab.com\/es\/wp-json\/wp\/v2\/pages\/3862\/revisions\/4246"}],"wp:attachment":[{"href":"https:\/\/desidelab.com\/es\/wp-json\/wp\/v2\/media?parent=3862"}],"curies":[{"name":"wp","href":"https:\/\/api.w.org\/{rel}","templated":true}]}}